{"id":1272,"date":"2020-04-20T17:51:41","date_gmt":"2020-04-20T15:51:41","guid":{"rendered":"https:\/\/gaf.kleve.de\/schulprogramm\/?page_id=1272"},"modified":"2020-04-20T18:01:32","modified_gmt":"2020-04-20T16:01:32","slug":"leitbild","status":"publish","type":"page","link":"https:\/\/gaf.kleve.de\/schulprogramm\/leitbild\/","title":{"rendered":"Leitbild"},"content":{"rendered":"<p>[et_pb_section fb_built=&#8220;1&#8243; _builder_version=&#8220;4.4.1&#8243; background_enable_color=&#8220;off&#8220; background_enable_image=&#8220;off&#8220; parallax=&#8220;on&#8220; custom_padding=&#8220;||2px|||&#8220; bottom_divider_color=&#8220;#7cb78b&#8220;][et_pb_row _builder_version=&#8220;4.4.1&#8243;][et_pb_column type=&#8220;4_4&#8243; _builder_version=&#8220;4.4.1&#8243;][et_pb_text _builder_version=&#8220;4.4.1&#8243; header_font=&#8220;Montserrat||||||||&#8220; header_text_color=&#8220;#006ab3&#8243; header_font_size=&#8220;77px&#8220; header_3_font=&#8220;Montserrat||||||||&#8220; header_3_text_color=&#8220;#006ab3&#8243; header_3_font_size=&#8220;77px&#8220; header_4_line_height=&#8220;1.6em&#8220; text_orientation=&#8220;center&#8220; background_layout=&#8220;dark&#8220; header_font_size_tablet=&#8220;&#8220; header_font_size_phone=&#8220;50px&#8220; header_font_size_last_edited=&#8220;on|phone&#8220; header_3_font_size_tablet=&#8220;&#8220; header_3_font_size_phone=&#8220;50px&#8220; header_3_font_size_last_edited=&#8220;on|phone&#8220;]<\/p>\n<h1>Leit&shy;bild<\/h1>\n<p>[\/et_pb_text][\/et_pb_column][\/et_pb_row][et_pb_row column_structure=&#8220;1_5,3_5,1_5&#8243; make_equal=&#8220;on&#8220; custom_padding_last_edited=&#8220;off|desktop&#8220; _builder_version=&#8220;4.4.1&#8243; height_last_edited=&#8220;off|desktop&#8220; custom_margin_last_edited=&#8220;off|desktop&#8220; custom_padding_phone=&#8220;||0px||false|false&#8220;][et_pb_column type=&#8220;1_5&#8243; _builder_version=&#8220;4.4.1&#8243;][et_pb_image src=&#8220;https:\/\/gaf.kleve.de\/schulprogramm\/wp-content\/uploads\/2020\/03\/GaF-Schulprogramm-Logo-1.jpg&#8220; _builder_version=&#8220;4.4.1&#8243; border_color_all=&#8220;#ffffff&#8220;][\/et_pb_image][\/et_pb_column][et_pb_column type=&#8220;3_5&#8243; _builder_version=&#8220;4.4.1&#8243; background_color=&#8220;#006ab3&#8243; custom_padding=&#8220;2vw|2vw|2vw|2vw|false|false&#8220; border_radii=&#8220;on|38px|38px|38px|38px&#8220;][et_pb_text _builder_version=&#8220;4.4.1&#8243; text_text_color=&#8220;#ffffff&#8220; header_3_font=&#8220;Montserrat|600|||||||&#8220; header_3_text_color=&#8220;#ffffff&#8220; header_3_letter_spacing=&#8220;1px&#8220; header_3_line_height=&#8220;1.2em&#8220; header_4_font=&#8220;|600|||||||&#8220; header_4_text_color=&#8220;#ffffff&#8220; header_4_font_size=&#8220;17px&#8220; header_4_line_height=&#8220;1.6em&#8220; background_layout=&#8220;dark&#8220; height_tablet=&#8220;&#8220; height_phone=&#8220;&#8220; height_last_edited=&#8220;on|desktop&#8220; custom_margin=&#8220;-1px||||false|false&#8220; custom_margin_tablet=&#8220;&#8220; custom_margin_phone=&#8220;||||false|false&#8220; custom_margin_last_edited=&#8220;on|phone&#8220; custom_padding=&#8220;4px||||false|false&#8220; header_3_text_align_tablet=&#8220;&#8220; header_3_text_align_phone=&#8220;center&#8220; header_3_text_align_last_edited=&#8220;on|phone&#8220; header_3_font_size_tablet=&#8220;&#8220; header_3_font_size_phone=&#8220;18px&#8220; header_3_font_size_last_edited=&#8220;on|phone&#8220; header_4_text_align_tablet=&#8220;&#8220; header_4_text_align_phone=&#8220;center&#8220; header_4_text_align_last_edited=&#8220;on|phone&#8220; text_orientation_tablet=&#8220;center&#8220; text_orientation_phone=&#8220;center&#8220; text_orientation_last_edited=&#8220;on|tablet&#8220;]<\/p>\n<h3 style=\"text-align: center;\">Pr\u00e4ambel<br \/> Voneinander und miteinander lernen<br \/>in Kleves gr\u00fcner Mitte<\/h3>\n<p>Die im Jahr 2012 gegr\u00fcndete Gesamtschule am Forstgarten hat ihr Zuhause in der Klever Niederung im Ortsteil Rindern gefunden.<\/p>\n<p>Hier konnten wir eine Schule im Gr\u00fcnen aufbauen, in direkter Nachbarschaft zu Kleves kulturhistorischem Herzen mit seinen Parkanlagen, dem Tiergarten, der Wasserburg, dem Museum Kurhaus und eben dem namensgebenden Forstgarten.<\/p>\n<p>Viel Gr\u00fcn auf dem Schulhof und in der Umgebung unterst\u00fctzen unsere p\u00e4dago\u00adgischen Ideen von Bewegung, Natur und Gemeinschaft im Ganztag. Wir haben viel Platz, Licht und Offenheit\u2026 genau wie der hier allgegenw\u00e4rtige Niederrhein.<\/p>\n<p>[\/et_pb_text][\/et_pb_column][et_pb_column type=&#8220;1_5&#8243; _builder_version=&#8220;4.4.1&#8243;][et_pb_image src=&#8220;https:\/\/gaf.kleve.de\/schulprogramm\/wp-content\/uploads\/2020\/03\/GaF-Schulprogramm-Uebersicht-1.png&#8220; url=&#8220;https:\/\/gaf.kleve.de\/schulprogramm\/#uebersicht&#8220; use_overlay=&#8220;on&#8220; overlay_icon_color=&#8220;#ffffff&#8220; hover_overlay_color=&#8220;rgba(0,106,179,0.54)&#8220; hover_icon=&#8220;%%41%%&#8220; show_bottom_space=&#8220;off&#8220; show_bottom_space_tablet=&#8220;&#8220; show_bottom_space_phone=&#8220;off&#8220; show_bottom_space_last_edited=&#8220;on|tablet&#8220; disabled_on=&#8220;on|on|off&#8220; _builder_version=&#8220;4.4.1&#8243; custom_margin_tablet=&#8220;&#8220; custom_margin_phone=&#8220;&#8220; custom_margin_last_edited=&#8220;on|phone&#8220; custom_padding_tablet=&#8220;&#8220; custom_padding_phone=&#8220;&#8220; custom_padding_last_edited=&#8220;on|desktop&#8220; hover_enabled=&#8220;0&#8243; border_radii=&#8220;on|16px|16px|16px|16px&#8220;][\/et_pb_image][\/et_pb_column][\/et_pb_row][\/et_pb_section][et_pb_section fb_built=&#8220;1&#8243; prev_background_color=&#8220;#ffffff&#8220; next_background_color=&#8220;#ffffff&#8220; _builder_version=&#8220;4.4.1&#8243; background_enable_color=&#8220;off&#8220; background_image=&#8220;https:\/\/gaf.kleve.de\/schulprogramm\/wp-content\/uploads\/2020\/04\/gaf-ansicht-moritzgraben.jpg&#8220; parallax=&#8220;on&#8220; custom_padding=&#8220;98px||103px|||&#8220; top_divider_style=&#8220;curve&#8220; top_divider_height_tablet=&#8220;&#8220; top_divider_height_phone=&#8220;30px&#8220; top_divider_height_last_edited=&#8220;on|phone&#8220; bottom_divider_style=&#8220;curve&#8220; bottom_divider_flip=&#8220;vertical&#8220; bottom_divider_height_tablet=&#8220;&#8220; bottom_divider_height_phone=&#8220;30px&#8220; bottom_divider_height_last_edited=&#8220;on|phone&#8220;][et_pb_row column_structure=&#8220;1_5,3_5,1_5&#8243; custom_padding_last_edited=&#8220;on|phone&#8220; _builder_version=&#8220;4.4.1&#8243; height_tablet=&#8220;&#8220; height_phone=&#8220;&#8220; height_last_edited=&#8220;on|phone&#8220; custom_margin_tablet=&#8220;&#8220; custom_margin_phone=&#8220;&#8220; custom_margin_last_edited=&#8220;on|tablet&#8220; custom_padding=&#8220;52px||46px|||&#8220; custom_padding_tablet=&#8220;&#8220; custom_padding_phone=&#8220;0px||0px||false|false&#8220;][et_pb_column type=&#8220;1_5&#8243; _builder_version=&#8220;4.4.1&#8243;][\/et_pb_column][et_pb_column type=&#8220;3_5&#8243; _builder_version=&#8220;4.4.1&#8243;][et_pb_text _builder_version=&#8220;4.4.1&#8243; header_2_text_align=&#8220;center&#8220; header_2_text_color=&#8220;#7cb78b&#8220; header_2_line_height=&#8220;1.6em&#8220; header_3_font=&#8220;|700|||||||&#8220; header_3_text_align=&#8220;center&#8220; header_3_text_color=&#8220;#006ab3&#8243; header_3_line_height=&#8220;1.3em&#8220; background_color=&#8220;rgba(255,255,255,0.8)&#8220; background_enable_image=&#8220;off&#8220; parallax=&#8220;on&#8220; module_alignment=&#8220;center&#8220; custom_margin_tablet=&#8220;&#8220; custom_margin_phone=&#8220;&#8220; custom_margin_last_edited=&#8220;on|phone&#8220; custom_padding=&#8220;20px|20px|20px|20px|false|false&#8220; custom_padding_tablet=&#8220;9px||||false|false&#8220; custom_padding_phone=&#8220;20px||||false|false&#8220; custom_padding_last_edited=&#8220;off|desktop&#8220; header_3_font_size_tablet=&#8220;&#8220; header_3_font_size_phone=&#8220;18px&#8220; header_3_font_size_last_edited=&#8220;on|phone&#8220; border_radii=&#8220;on|20px|20px|20px|20px&#8220; border_color_all=&#8220;#7cb78b&#8220; box_shadow_style=&#8220;preset1&#8243; box_shadow_color=&#8220;rgba(0,0,0,0.7)&#8220;]<\/p>\n<h3>F\u00fcr uns stehen der Mensch und sein Wirken im Mittel\u00adpunkt. Wir greifen die individu\u00adellen St\u00e4rken und Kompe\u00adtenzen des Einzelnen auf und f\u00f6rdern sie zum Wohle der Gemein\u00adschaft. Als inklusiv und integriert arbei\u00adtende Schule sehen wir das \u201eIch im Wir\u201c und f\u00f6rdern als Team\u00adschule Partizi\u00adpation, Demo\u00adkratie und Kooperation.<\/h3>\n<h3>Es ist uns wichtig, f\u00fcr die uns anvertrauten Sch\u00fcler*innen eine authen\u00adtische, aktive und pr\u00e4sente Rolle zu spielen, immer in Partner\u00adschaft mit den Erziehungs\u00adberechtigten.<\/h3>\n<h3> Die Aufgaben in einer digitalen Gesell\u00adschaft und Arbeits\u00adwelt des 21. Jahrhunderts erfordern neue p\u00e4da\u00adgogische und didak\u00adtische Ans\u00e4tze.<\/h3>\n<h3> Unser Ziel ist dabei die best\u00adm\u00f6gliche Potential\u00adentfal\u00adtung f\u00fcr jede Sch\u00fclerin und jeden Sch\u00fcler.<\/h3>\n<p>[\/et_pb_text][\/et_pb_column][et_pb_column type=&#8220;1_5&#8243; _builder_version=&#8220;4.4.1&#8243;][\/et_pb_column][\/et_pb_row][\/et_pb_section]<\/p>\n","protected":false},"excerpt":{"rendered":"<p>Leit&shy;bildPr\u00e4ambel Voneinander und miteinander lernenin Kleves gr\u00fcner Mitte Die im Jahr 2012 gegr\u00fcndete Gesamtschule am Forstgarten hat ihr Zuhause in der Klever Niederung im Ortsteil Rindern gefunden. Hier konnten wir eine Schule im Gr\u00fcnen aufbauen, in direkter Nachbarschaft zu Kleves kulturhistorischem Herzen mit seinen Parkanlagen, dem Tiergarten, der Wasserburg, dem Museum Kurhaus und eben dem [&hellip;]<\/p>\n","protected":false},"author":1,"featured_media":0,"parent":0,"menu_order":1,"comment_status":"closed","ping_status":"closed","template":"","meta":{"_et_pb_use_builder":"on","_et_pb_old_content":"","_et_gb_content_width":""},"_links":{"self":[{"href":"https:\/\/gaf.kleve.de\/schulprogramm\/wp-json\/wp\/v2\/pages\/1272"}],"collection":[{"href":"https:\/\/gaf.kleve.de\/schulprogramm\/wp-json\/wp\/v2\/pages"}],"about":[{"href":"https:\/\/gaf.kleve.de\/schulprogramm\/wp-json\/wp\/v2\/types\/page"}],"author":[{"embeddable":true,"href":"https:\/\/gaf.kleve.de\/schulprogramm\/wp-json\/wp\/v2\/users\/1"}],"replies":[{"embeddable":true,"href":"https:\/\/gaf.kleve.de\/schulprogramm\/wp-json\/wp\/v2\/comments?post=1272"}],"version-history":[{"count":5,"href":"https:\/\/gaf.kleve.de\/schulprogramm\/wp-json\/wp\/v2\/pages\/1272\/revisions"}],"predecessor-version":[{"id":1743,"href":"https:\/\/gaf.kleve.de\/schulprogramm\/wp-json\/wp\/v2\/pages\/1272\/revisions\/1743"}],"wp:attachment":[{"href":"https:\/\/gaf.kleve.de\/schulprogramm\/wp-json\/wp\/v2\/media?parent=1272"}],"curies":[{"name":"wp","href":"https:\/\/api.w.org\/{rel}","templated":true}]}}